{"id":13,"date":"2021-10-15T10:33:14","date_gmt":"2021-10-15T10:33:14","guid":{"rendered":"http:\/\/dkf-annoncer.dk\/?page_id=13"},"modified":"2026-01-12T15:53:49","modified_gmt":"2026-01-12T15:53:49","slug":"forside","status":"publish","type":"page","link":"https:\/\/dkf-annoncer.dk\/","title":{"rendered":"Forside"},"content":{"rendered":"<p>[et_pb_section fb_built=&#8221;1&#8243; admin_label=&#8221;FAQ&#8221; _builder_version=&#8221;4.16&#8243; background_color=&#8221;#ffffff&#8221; custom_margin=&#8221;|||&#8221; custom_padding=&#8221;9px|0|9px|0px|true|false&#8221; border_radii=&#8221;||15vw||&#8221; global_colors_info=&#8221;{}&#8221;][et_pb_row column_structure=&#8221;2_3,1_3&#8243; _builder_version=&#8221;4.16&#8243; custom_margin=&#8221;|60px||auto||&#8221; custom_padding=&#8221;|||0px||&#8221; global_colors_info=&#8221;{}&#8221;][et_pb_column type=&#8221;2_3&#8243; _builder_version=&#8221;4.16&#8243; custom_padding=&#8221;|||&#8221; global_colors_info=&#8221;{}&#8221; custom_padding__hover=&#8221;|||&#8221;][et_pb_image src=&#8221;https:\/\/dkf-annoncer.dk\/wp-content\/uploads\/2021\/10\/818.png&#8221; title_text=&#8221;818&#8243; _builder_version=&#8221;4.16&#8243; _module_preset=&#8221;default&#8221; width=&#8221;75%&#8221; custom_margin=&#8221;|||-173px|false|false&#8221; custom_padding=&#8221;|0px||85px||&#8221; global_colors_info=&#8221;{}&#8221;][\/et_pb_image][et_pb_text _builder_version=&#8221;4.16&#8243; text_font=&#8221;Titillium Web|300|||||||&#8221; text_text_color=&#8221;#677a92&#8243; text_font_size=&#8221;16px&#8221; text_line_height=&#8221;1.8em&#8221; header_font=&#8221;Titillium Web||||||||&#8221; header_font_size=&#8221;50px&#8221; header_line_height=&#8221;1.3em&#8221; header_2_font=&#8221;||||||||&#8221; max_width=&#8221;750px&#8221; custom_margin=&#8221;|||&#8221; custom_margin_tablet=&#8221;0px|50px||50px&#8221; custom_margin_phone=&#8221;|20px||&#8221; custom_margin_last_edited=&#8221;off|desktop&#8221; custom_padding=&#8221;|||&#8221; text_line_height_tablet=&#8221;1.8em&#8221; text_line_height_phone=&#8221;1.8em&#8221; text_line_height_last_edited=&#8221;on|phone&#8221; header_font_size_tablet=&#8221;&#8221; header_font_size_phone=&#8221;36px&#8221; header_font_size_last_edited=&#8221;on|phone&#8221; header_2_font_size_phone=&#8221;30px&#8221; header_2_font_size_last_edited=&#8221;off|desktop&#8221; locked=&#8221;off&#8221; global_colors_info=&#8221;{}&#8221;]<\/p>\n<h1>KIROPRAKTOREN<\/h1>\n<p>[\/et_pb_text][et_pb_text _builder_version=&#8221;4.16&#8243; text_font=&#8221;Titillium Web|300|||||||&#8221; text_text_color=&#8221;#000000&#8243; text_font_size=&#8221;16px&#8221; text_line_height=&#8221;1.8em&#8221; header_font=&#8221;Titillium Web||||||||&#8221; header_font_size=&#8221;50px&#8221; header_line_height=&#8221;1.3em&#8221; header_2_font=&#8221;||||||||&#8221; max_width=&#8221;750px&#8221; custom_margin=&#8221;||-1px|||&#8221; custom_margin_tablet=&#8221;0px|50px||50px&#8221; custom_margin_phone=&#8221;|20px||&#8221; custom_margin_last_edited=&#8221;off|desktop&#8221; custom_padding=&#8221;2px|||||&#8221; text_line_height_tablet=&#8221;1.8em&#8221; text_line_height_phone=&#8221;1.8em&#8221; text_line_height_last_edited=&#8221;on|phone&#8221; header_font_size_tablet=&#8221;&#8221; header_font_size_phone=&#8221;36px&#8221; header_font_size_last_edited=&#8221;on|phone&#8221; header_2_font_size_phone=&#8221;30px&#8221; header_2_font_size_last_edited=&#8221;off|desktop&#8221; locked=&#8221;off&#8221; global_colors_info=&#8221;{}&#8221;]<\/p>\n<p><strong>Fagbladet KIROPRAKTOREN &#8211; N\u00e5 ud til alle kiropraktorer<br \/><\/strong><\/p>\n<p>[\/et_pb_text][et_pb_text _builder_version=&#8221;4.19.2&#8243; text_font=&#8221;Titillium Web|300|||||||&#8221; text_text_color=&#8221;#000000&#8243; text_font_size=&#8221;16px&#8221; text_line_height=&#8221;1.8em&#8221; header_font=&#8221;Titillium Web||||||||&#8221; header_font_size=&#8221;50px&#8221; header_line_height=&#8221;1.3em&#8221; header_2_font=&#8221;||||||||&#8221; max_width=&#8221;750px&#8221; custom_margin=&#8221;|||&#8221; custom_margin_tablet=&#8221;0px|50px||50px&#8221; custom_margin_phone=&#8221;|20px||&#8221; custom_margin_last_edited=&#8221;off|desktop&#8221; custom_padding=&#8221;|||&#8221; text_line_height_tablet=&#8221;1.8em&#8221; text_line_height_phone=&#8221;1.8em&#8221; text_line_height_last_edited=&#8221;on|phone&#8221; header_font_size_tablet=&#8221;&#8221; header_font_size_phone=&#8221;36px&#8221; header_font_size_last_edited=&#8221;on|phone&#8221; header_2_font_size_phone=&#8221;30px&#8221; header_2_font_size_last_edited=&#8221;off|desktop&#8221; locked=&#8221;off&#8221; global_colors_info=&#8221;{}&#8221;]<\/p>\n<p>Fagbladet KIROPRAKTOREN er Dansk Kiropraktor Forenings magasin, som udkommer 4 gange om \u00e5ret.<br \/>Magasinet formidler nyheder om kiropraktorernes virke og hverdag, fagpolitik og ikke mindst ny viden om sundhed og sygdom med fokus p\u00e5 muskler og led.<\/p>\n<p>KIROPRAKTOREN sendes til medlemmer af Dansk Kiropraktor Forening, samarbejdspartnere og politiske beslutningstagere.<\/p>\n<p>Magasinets artikler har en bred profil og ogs\u00e5 digital tilstedev\u00e6relse, som spiller sammen med Dansk Kiropraktor Forenings digitale platforme og sociale medier p\u00e5 Facebook, Twitter og Instagram.<\/p>\n<p>[\/et_pb_text][et_pb_text _builder_version=&#8221;4.19.2&#8243; _module_preset=&#8221;default&#8221; header_2_font=&#8221;Titillium Web|300||on|||||&#8221; global_colors_info=&#8221;{}&#8221;]<\/p>\n<h2>Priser 2026<\/h2>\n<p>[\/et_pb_text][et_pb_accordion open_toggle_background_color=&#8221;#FFFFFF&#8221; closed_toggle_background_color=&#8221;#ffffff&#8221; icon_color=&#8221;#7a7a7a&#8221; _builder_version=&#8221;4.19.2&#8243; toggle_font=&#8221;Montserrat|300|||||||&#8221; toggle_font_size=&#8221;20px&#8221; toggle_line_height=&#8221;1.6em&#8221; body_font=&#8221;Titillium Web|300|||||||&#8221; body_text_align=&#8221;center&#8221; body_text_color=&#8221;#000000&#8243; body_font_size=&#8221;16px&#8221; body_line_height=&#8221;2em&#8221; width_tablet=&#8221;&#8221; width_phone=&#8221;100%&#8221; width_last_edited=&#8221;on|phone&#8221; max_width=&#8221;100%&#8221; custom_margin=&#8221;|-76px||||&#8221; animation_style=&#8221;zoom&#8221; animation_direction=&#8221;top&#8221; animation_intensity_zoom=&#8221;10%&#8221; border_radii=&#8221;on|10px|10px|10px|10px&#8221; border_width_all=&#8221;0px&#8221; border_color_all=&#8221;#cecece&#8221; global_colors_info=&#8221;{}&#8221;][et_pb_accordion_item title=&#8221;Tekstannoncering&#8221; open=&#8221;on&#8221; _builder_version=&#8221;4.19.2&#8243; global_colors_info=&#8221;{}&#8221; toggle_font=&#8221;Titillium Web|300||on|||||&#8221;]<\/p>\n<table border=\"1\" style=\"height: 50px; width: 100.986%; border-collapse: collapse; border-style: dotted;\">\n<tbody>\n<tr style=\"height: 10px;\">\n<td style=\"width: 25%; height: 10px;\"><strong>Annonce<\/strong><\/td>\n<td style=\"width: 25%; height: 10px;\"><strong>Pris ex. moms<\/strong><\/td>\n<td style=\"width: 25%; height: 10px;\"><strong>Format<\/strong><\/td>\n<td style=\"width: 25%; height: 10px;\"><strong>Besk\u00e6ring<\/strong><\/td>\n<\/tr>\n<tr style=\"height: 0px;\">\n<td style=\"width: 25%; height: 10px;\">1\/4 side (h\u00f8j)<\/td>\n<td style=\"width: 25%; height: 10px;\">kr. 2.200,-<\/td>\n<td style=\"width: 25%; height: 10px;\">B: 88,5 x H 113 mm.<\/td>\n<td style=\"width: 25%; height: 10px;\"><\/td>\n<\/tr>\n<tr style=\"height: 0px;\">\n<td style=\"width: 25%; height: 10px;\">1\/2 side (bred)<\/td>\n<td style=\"width: 25%; height: 10px;\">kr. 3.500,-<\/td>\n<td style=\"width: 25%; height: 10px;\">B: 181 x H: 88,5 mm.<\/td>\n<td style=\"width: 25%; height: 10px;\"><\/td>\n<\/tr>\n<tr style=\"height: 0px;\">\n<td style=\"width: 25%; height: 10px;\">1\/1 side<\/td>\n<td style=\"width: 25%; height: 10px;\">kr. 5.350,-<\/td>\n<td style=\"width: 25%; height: 10px;\">B: 215 x H: 270 mm.<\/td>\n<td style=\"width: 25%; height: 10px;\">+ 3 mm.<\/td>\n<\/tr>\n<tr style=\"height: 0px;\">\n<td style=\"width: 25%; height: 10px;\">Bagsiden<\/td>\n<td style=\"width: 25%; height: 10px;\">kr. 5.750,-<\/td>\n<td style=\"width: 25%; height: 10px;\">B:200 x H: 195 mm.<\/td>\n<td style=\"width: 25%; height: 10px;\">+ 3 mm.<\/td>\n<\/tr>\n<tr>\n<td style=\"width: 25%;\">Side 2<\/td>\n<td style=\"width: 25%;\">kr. 5.750,-<\/td>\n<td style=\"width: 25%;\">B: 215 x H 270 mm.<\/td>\n<td style=\"width: 25%;\">+ 3 mm.<\/td>\n<\/tr>\n<\/tbody>\n<\/table>\n<p>[\/et_pb_accordion_item][et_pb_accordion_item title=&#8221;\u00d8VRIGE PRISER&#8221; _builder_version=&#8221;4.16&#8243; global_colors_info=&#8221;{}&#8221; toggle_font=&#8221;Titillium Web|300|||||||&#8221; open=&#8221;off&#8221;]<\/p>\n<p style=\"text-align: left;\">Vi kan hj\u00e6lpe med layout af annoncer.<br \/>Ring eller skriv p\u00e5 <a href=\"mailto:rene@grafiskpa.dk\">rene@grafiskpa.dk<\/a> for priser.<\/p>\n<p>[\/et_pb_accordion_item][et_pb_accordion_item title=&#8221;Materialekrav&#8221; _builder_version=&#8221;4.16&#8243; global_colors_info=&#8221;{}&#8221; toggle_font=&#8221;Titillium Web|||on|||||&#8221; open=&#8221;off&#8221;]<\/p>\n<p style=\"text-align: left;\">Annoncemateriale til print skal levere som trykklar PDF (min 300 dpi, CMYK og med minimum 3 mm besk\u00e6ring hvis det er en helside annonce) <br \/>Materialet sendes til <a href=\"mailto:rene@grafiskpa.dk\">rene@grafiskpa.dk<\/a> eller p\u00e5 Wetransfer til samme mailadresse.<\/p>\n<p>[\/et_pb_accordion_item][\/et_pb_accordion][et_pb_text _builder_version=&#8221;4.19.2&#8243; _module_preset=&#8221;default&#8221; header_2_font=&#8221;Titillium Web|300||on|||||&#8221; global_colors_info=&#8221;{}&#8221;]<\/p>\n<h2>Udgivelsesplan 2026<\/h2>\n<p>[\/et_pb_text][et_pb_text _builder_version=&#8221;4.16&#8243; _module_preset=&#8221;default&#8221; text_font=&#8221;Titillium Web||||||||&#8221; custom_padding=&#8221;||27px|||&#8221; global_colors_info=&#8221;{}&#8221;]<\/p>\n<p>Forventede deadlines og udgivelsestidspunkter med forbehold for \u00e6ndringer:<\/p>\n<p>[\/et_pb_text][et_pb_accordion open_toggle_text_color=&#8221;#000000&#8243; open_toggle_background_color=&#8221;#ffffff&#8221; closed_toggle_text_color=&#8221;#000000&#8243; closed_toggle_background_color=&#8221;#FFFFFF&#8221; icon_color=&#8221;#7a7a7a&#8221; _builder_version=&#8221;4.19.2&#8243; toggle_text_color=&#8221;#000000&#8243; toggle_font=&#8221;Titillium Web|300|||||||&#8221; toggle_font_size=&#8221;20px&#8221; toggle_line_height=&#8221;1.6em&#8221; body_font=&#8221;Titillium Web|300|||||||&#8221; body_text_align=&#8221;center&#8221; body_text_color=&#8221;#000000&#8243; body_font_size=&#8221;16px&#8221; body_line_height=&#8221;2em&#8221; width=&#8221;99%&#8221; module_alignment=&#8221;left&#8221; custom_margin=&#8221;|-76px||||&#8221; animation_style=&#8221;zoom&#8221; animation_direction=&#8221;top&#8221; animation_intensity_zoom=&#8221;10%&#8221; border_radii=&#8221;on|10px|10px|10px|10px&#8221; border_width_all=&#8221;0px&#8221; global_colors_info=&#8221;{}&#8221;][et_pb_accordion_item title=&#8221;Kiropraktoren 2026&#8243; open=&#8221;on&#8221; _builder_version=&#8221;4.19.2&#8243; global_colors_info=&#8221;{}&#8221; toggle_font=&#8221;Titillium Web|300||on|||||&#8221;]<\/p>\n<table border=\"1\" style=\"height: 50px; width: 100.986%; border-collapse: collapse; border-style: dotted;\">\n<tbody>\n<tr style=\"height: 10px;\">\n<td style=\"width: 25%; height: 10px;\"><strong>Nr.<\/strong><\/td>\n<td style=\"width: 25%; height: 10px;\"><strong>Materiale frist<\/strong><\/td>\n<td style=\"width: 25%; height: 10px;\"><strong>Udgivelse<\/strong><\/td>\n<\/tr>\n<tr style=\"height: 0px;\">\n<td style=\"width: 25%; height: 10px;\">1<\/td>\n<td style=\"width: 25%; height: 10px;\">13. februar<\/td>\n<td style=\"width: 25%; height: 10px;\">Uge 12<\/td>\n<\/tr>\n<tr style=\"height: 0px;\">\n<td style=\"width: 25%; height: 10px;\">2<\/td>\n<td style=\"width: 25%; height: 10px;\">12. maj<\/td>\n<td style=\"width: 25%; height: 10px;\">Uge 25<\/td>\n<\/tr>\n<tr style=\"height: 0px;\">\n<td style=\"width: 25%; height: 10px;\">3<\/td>\n<td style=\"width: 25%; height: 10px;\">14. august<\/td>\n<td style=\"width: 25%; height: 10px;\">Uge 38<\/td>\n<\/tr>\n<tr style=\"height: 0px;\">\n<td style=\"width: 25%; height: 10px;\">4<\/td>\n<td style=\"width: 25%; height: 10px;\">11. november<\/td>\n<td style=\"width: 25%; height: 10px;\">Uge 51<\/td>\n<\/tr>\n<\/tbody>\n<\/table>\n<p>[\/et_pb_accordion_item][\/et_pb_accordion][\/et_pb_column][et_pb_column type=&#8221;1_3&#8243; _builder_version=&#8221;4.16&#8243; custom_padding=&#8221;|||&#8221; global_colors_info=&#8221;{}&#8221; custom_padding__hover=&#8221;|||&#8221;][et_pb_text _builder_version=&#8221;4.19.2&#8243; text_font=&#8221;Titillium Web|300|||||||&#8221; text_text_color=&#8221;#677a92&#8243; text_font_size=&#8221;16px&#8221; text_line_height=&#8221;1.8em&#8221; header_font=&#8221;Titillium Web||||||||&#8221; header_font_size=&#8221;50px&#8221; header_line_height=&#8221;1.3em&#8221; header_2_font=&#8221;Titillium Web||||||||&#8221; max_width=&#8221;750px&#8221; custom_margin=&#8221;|||&#8221; custom_margin_tablet=&#8221;0px|50px||50px&#8221; custom_margin_phone=&#8221;|20px||&#8221; custom_margin_last_edited=&#8221;off|desktop&#8221; custom_padding=&#8221;|||&#8221; text_line_height_tablet=&#8221;1.8em&#8221; text_line_height_phone=&#8221;1.8em&#8221; text_line_height_last_edited=&#8221;on|phone&#8221; header_font_size_tablet=&#8221;&#8221; header_font_size_phone=&#8221;36px&#8221; header_font_size_last_edited=&#8221;on|phone&#8221; header_2_font_size_phone=&#8221;30px&#8221; header_2_font_size_last_edited=&#8221;off|desktop&#8221; global_colors_info=&#8221;{}&#8221;][\/et_pb_text][et_pb_image src=&#8221;https:\/\/dkf-annoncer.dk\/wp-content\/uploads\/2026\/01\/Kiropraktoren-NR3_2025.png&#8221; title_text=&#8221;Kiropraktoren NR3_2025&#8243; url=&#8221;https:\/\/www.danskkiropraktorforening.dk\/nyheder\/kiropraktoren\/&#8221; _builder_version=&#8221;4.19.2&#8243; _module_preset=&#8221;default&#8221; width=&#8221;75%&#8221; box_shadow_style=&#8221;preset2&#8243; global_colors_info=&#8221;{}&#8221;][\/et_pb_image][et_pb_text _builder_version=&#8221;4.16&#8243; _module_preset=&#8221;default&#8221; text_font=&#8221;Titillium Web||||||||&#8221; text_text_color=&#8221;#000000&#8243; text_font_size=&#8221;16px&#8221; text_line_height=&#8221;1.8em&#8221; global_colors_info=&#8221;{}&#8221;]<\/p>\n<p><strong>Oplag:<\/strong> 2500 eks.<br \/><strong>Udgaver<\/strong>: 4 x \u00e5rligt<br \/><strong>Distribution:<\/strong> KIROPRAKTOREN sendes til medlemmer af Dansk Kiropraktor Forening, til ventev\u00e6relset, samarbejdspartnere og politiske beslutningstagere.<\/p>\n<p>[\/et_pb_text][et_pb_image src=&#8221;https:\/\/dkf-annoncer.dk\/wp-content\/uploads\/2021\/10\/Bog.png&#8221; title_text=&#8221;Bog&#8221; _builder_version=&#8221;4.16&#8243; _module_preset=&#8221;default&#8221; global_colors_info=&#8221;{}&#8221;][\/et_pb_image][et_pb_text _builder_version=&#8221;4.16&#8243; text_font=&#8221;Titillium Web|300|||||||&#8221; text_text_color=&#8221;#000000&#8243; text_font_size=&#8221;16px&#8221; text_line_height=&#8221;1.8em&#8221; header_font=&#8221;Titillium Web||||||||&#8221; header_font_size=&#8221;50px&#8221; header_line_height=&#8221;1.3em&#8221; header_2_font=&#8221;||||||||&#8221; max_width=&#8221;750px&#8221; custom_margin=&#8221;||-1px|||&#8221; custom_margin_tablet=&#8221;0px|50px||50px&#8221; custom_margin_phone=&#8221;|20px||&#8221; custom_margin_last_edited=&#8221;off|desktop&#8221; custom_padding=&#8221;2px|||||&#8221; text_line_height_tablet=&#8221;1.8em&#8221; text_line_height_phone=&#8221;1.8em&#8221; text_line_height_last_edited=&#8221;on|phone&#8221; header_font_size_tablet=&#8221;&#8221; header_font_size_phone=&#8221;36px&#8221; header_font_size_last_edited=&#8221;on|phone&#8221; header_2_font_size_phone=&#8221;30px&#8221; header_2_font_size_last_edited=&#8221;off|desktop&#8221; locked=&#8221;off&#8221; global_colors_info=&#8221;{}&#8221;]<\/p>\n<p><strong>Annoncekontakt<\/strong><\/p>\n<p>[\/et_pb_text][et_pb_team_member name=&#8221;Ren\u00e9 Bloch Frederiksen&#8221; image_url=&#8221;https:\/\/dkf-annoncer.dk\/wp-content\/uploads\/2021\/10\/2020.12.10_GrafiskRaadg_23715-1024&#215;683-1.jpg&#8221; _builder_version=&#8221;4.19.2&#8243; _module_preset=&#8221;default&#8221; body_font=&#8221;Titillium Web||||||||&#8221; body_font_size=&#8221;18px&#8221; width=&#8221;80%&#8221; max_width=&#8221;100%&#8221; custom_margin=&#8221;26px|||||&#8221; global_colors_info=&#8221;{}&#8221;]<\/p>\n<p>+45 30 33 88 57<br \/><a href=\"mailto:rene@grafiskpa.dk\">rene@grafiskpa.dk<\/a><\/p>\n<p>[\/et_pb_team_member][et_pb_text _builder_version=&#8221;4.16&#8243; _module_preset=&#8221;default&#8221; text_font=&#8221;Titillium Web||||||||&#8221; text_text_color=&#8221;#000000&#8243; text_font_size=&#8221;16px&#8221; text_line_height=&#8221;1.8em&#8221; global_colors_info=&#8221;{}&#8221;]<\/p>\n<p>INDSTIK i magasinet?<br \/>Kontakt Ren\u00e9 for muligheder og priser.<\/p>\n<p>[\/et_pb_text][\/et_pb_column][\/et_pb_row][\/et_pb_section]<\/p>\n","protected":false},"excerpt":{"rendered":"<p>KIROPRAKTORENFagbladet KIROPRAKTOREN &#8211; N\u00e5 ud til alle kiropraktorerFagbladet KIROPRAKTOREN er Dansk Kiropraktor Forenings magasin, som udkommer 4 gange om \u00e5ret.Magasinet formidler nyheder om kiropraktorernes virke og hverdag, fagpolitik og ikke mindst ny viden om sundhed og sygdom med fokus p\u00e5 muskler og led. KIROPRAKTOREN sendes til medlemmer af Dansk Kiropraktor Forening, samarbejdspartnere og politiske beslutningstagere. [&hellip;]<\/p>\n","protected":false},"author":1,"featured_media":0,"parent":0,"menu_order":0,"comment_status":"closed","ping_status":"closed","template":"","meta":{"_et_pb_use_builder":"on","_et_pb_old_content":"<!-- wp:divi\/placeholder \/-->","_et_gb_content_width":"","footnotes":""},"class_list":["post-13","page","type-page","status-publish","hentry"],"yoast_head":"<!-- This site is optimized with the Yoast SEO plugin v21.6 - https:\/\/yoast.com\/wordpress\/plugins\/seo\/ -->\n<title>DKF Annoncer til Fagbladet Kiropraktoren<\/title>\n<meta name=\"description\" content=\"KIROPRAKTOREN sendes til medlemmer af Dansk Kiropraktor Forening, samarbejdspartnere og politiske beslutningstagere.\" \/>\n<meta name=\"robots\" content=\"index, follow, max-snippet:-1, max-image-preview:large, max-video-preview:-1\" \/>\n<link rel=\"canonical\" href=\"https:\/\/dkf-annoncer.dk\/\" \/>\n<meta property=\"og:locale\" content=\"da_DK\" \/>\n<meta property=\"og:type\" content=\"article\" \/>\n<meta property=\"og:title\" content=\"DKF Annoncer til Fagbladet Kiropraktoren\" \/>\n<meta property=\"og:description\" content=\"KIROPRAKTOREN sendes til medlemmer af Dansk Kiropraktor Forening, samarbejdspartnere og politiske beslutningstagere.\" \/>\n<meta property=\"og:url\" content=\"https:\/\/dkf-annoncer.dk\/\" \/>\n<meta property=\"og:site_name\" content=\"DKF Annoncer\" \/>\n<meta property=\"article:modified_time\" content=\"2026-01-12T15:53:49+00:00\" \/>\n<meta name=\"twitter:card\" content=\"summary_large_image\" \/>\n<meta name=\"twitter:label1\" content=\"Estimeret l\u00e6setid\" \/>\n\t<meta name=\"twitter:data1\" content=\"3 minutter\" \/>\n<script type=\"application\/ld+json\" class=\"yoast-schema-graph\">{\"@context\":\"https:\/\/schema.org\",\"@graph\":[{\"@type\":\"WebPage\",\"@id\":\"https:\/\/dkf-annoncer.dk\/\",\"url\":\"https:\/\/dkf-annoncer.dk\/\",\"name\":\"DKF Annoncer til Fagbladet Kiropraktoren\",\"isPartOf\":{\"@id\":\"https:\/\/dkf-annoncer.dk\/#website\"},\"datePublished\":\"2021-10-15T10:33:14+00:00\",\"dateModified\":\"2026-01-12T15:53:49+00:00\",\"description\":\"KIROPRAKTOREN sendes til medlemmer af Dansk Kiropraktor Forening, samarbejdspartnere og politiske beslutningstagere.\",\"breadcrumb\":{\"@id\":\"https:\/\/dkf-annoncer.dk\/#breadcrumb\"},\"inLanguage\":\"da-DK\",\"potentialAction\":[{\"@type\":\"ReadAction\",\"target\":[\"https:\/\/dkf-annoncer.dk\/\"]}]},{\"@type\":\"BreadcrumbList\",\"@id\":\"https:\/\/dkf-annoncer.dk\/#breadcrumb\",\"itemListElement\":[{\"@type\":\"ListItem\",\"position\":1,\"name\":\"Hjem\",\"item\":\"https:\/\/dkf-annoncer.dk\/\"},{\"@type\":\"ListItem\",\"position\":2,\"name\":\"Forside\"}]},{\"@type\":\"WebSite\",\"@id\":\"https:\/\/dkf-annoncer.dk\/#website\",\"url\":\"https:\/\/dkf-annoncer.dk\/\",\"name\":\"DKF Annoncer\",\"description\":\"Fagbladet Kiropraktoren annoncer\",\"potentialAction\":[{\"@type\":\"SearchAction\",\"target\":{\"@type\":\"EntryPoint\",\"urlTemplate\":\"https:\/\/dkf-annoncer.dk\/?s={search_term_string}\"},\"query-input\":\"required name=search_term_string\"}],\"inLanguage\":\"da-DK\"}]}<\/script>\n<!-- \/ Yoast SEO plugin. -->","yoast_head_json":{"title":"DKF Annoncer til Fagbladet Kiropraktoren","description":"KIROPRAKTOREN sendes til medlemmer af Dansk Kiropraktor Forening, samarbejdspartnere og politiske beslutningstagere.","robots":{"index":"index","follow":"follow","max-snippet":"max-snippet:-1","max-image-preview":"max-image-preview:large","max-video-preview":"max-video-preview:-1"},"canonical":"https:\/\/dkf-annoncer.dk\/","og_locale":"da_DK","og_type":"article","og_title":"DKF Annoncer til Fagbladet Kiropraktoren","og_description":"KIROPRAKTOREN sendes til medlemmer af Dansk Kiropraktor Forening, samarbejdspartnere og politiske beslutningstagere.","og_url":"https:\/\/dkf-annoncer.dk\/","og_site_name":"DKF Annoncer","article_modified_time":"2026-01-12T15:53:49+00:00","twitter_card":"summary_large_image","twitter_misc":{"Estimeret l\u00e6setid":"3 minutter"},"schema":{"@context":"https:\/\/schema.org","@graph":[{"@type":"WebPage","@id":"https:\/\/dkf-annoncer.dk\/","url":"https:\/\/dkf-annoncer.dk\/","name":"DKF Annoncer til Fagbladet Kiropraktoren","isPartOf":{"@id":"https:\/\/dkf-annoncer.dk\/#website"},"datePublished":"2021-10-15T10:33:14+00:00","dateModified":"2026-01-12T15:53:49+00:00","description":"KIROPRAKTOREN sendes til medlemmer af Dansk Kiropraktor Forening, samarbejdspartnere og politiske beslutningstagere.","breadcrumb":{"@id":"https:\/\/dkf-annoncer.dk\/#breadcrumb"},"inLanguage":"da-DK","potentialAction":[{"@type":"ReadAction","target":["https:\/\/dkf-annoncer.dk\/"]}]},{"@type":"BreadcrumbList","@id":"https:\/\/dkf-annoncer.dk\/#breadcrumb","itemListElement":[{"@type":"ListItem","position":1,"name":"Hjem","item":"https:\/\/dkf-annoncer.dk\/"},{"@type":"ListItem","position":2,"name":"Forside"}]},{"@type":"WebSite","@id":"https:\/\/dkf-annoncer.dk\/#website","url":"https:\/\/dkf-annoncer.dk\/","name":"DKF Annoncer","description":"Fagbladet Kiropraktoren annoncer","potentialAction":[{"@type":"SearchAction","target":{"@type":"EntryPoint","urlTemplate":"https:\/\/dkf-annoncer.dk\/?s={search_term_string}"},"query-input":"required name=search_term_string"}],"inLanguage":"da-DK"}]}},"jetpack_sharing_enabled":true,"_links":{"self":[{"href":"https:\/\/dkf-annoncer.dk\/index.php?rest_route=\/wp\/v2\/pages\/13","targetHints":{"allow":["GET"]}}],"collection":[{"href":"https:\/\/dkf-annoncer.dk\/index.php?rest_route=\/wp\/v2\/pages"}],"about":[{"href":"https:\/\/dkf-annoncer.dk\/index.php?rest_route=\/wp\/v2\/types\/page"}],"author":[{"embeddable":true,"href":"https:\/\/dkf-annoncer.dk\/index.php?rest_route=\/wp\/v2\/users\/1"}],"replies":[{"embeddable":true,"href":"https:\/\/dkf-annoncer.dk\/index.php?rest_route=%2Fwp%2Fv2%2Fcomments&post=13"}],"version-history":[{"count":49,"href":"https:\/\/dkf-annoncer.dk\/index.php?rest_route=\/wp\/v2\/pages\/13\/revisions"}],"predecessor-version":[{"id":130,"href":"https:\/\/dkf-annoncer.dk\/index.php?rest_route=\/wp\/v2\/pages\/13\/revisions\/130"}],"wp:attachment":[{"href":"https:\/\/dkf-annoncer.dk\/index.php?rest_route=%2Fwp%2Fv2%2Fmedia&parent=13"}],"curies":[{"name":"wp","href":"https:\/\/api.w.org\/{rel}","templated":true}]}}